{"id":1030,"date":"2023-03-17T08:57:41","date_gmt":"2023-03-17T08:57:41","guid":{"rendered":"https:\/\/technogreen.ps\/new\/?post_type=product&amp;p=1030"},"modified":"2023-03-17T08:57:41","modified_gmt":"2023-03-17T08:57:41","slug":"felco-611","status":"publish","type":"product","link":"https:\/\/technogreen.ps\/new\/shop\/felco-611\/","title":{"rendered":"FELCO 611"},"content":{"rendered":"<p><img decoding=\"async\" src=\"http:\/\/cdn1.bigcommerce.com\/server1000\/02374\/products\/554\/images\/861\/Felco610__98980.1389715515.1280.1280.jpg?c=2\" \/><\/p>\n<p><img decoding=\"async\" src=\"http:\/\/www.green24.de\/images\/product_images\/popup_images\/292_0.jpg\" \/><\/p>\n<p>&nbsp;<\/p>\n<p>Extrem scharfe Profi-S\u00e4ge f\u00fcr den Baum- und Strauchschnitt in langer Bauweise. Blattl\u00e4nge: ca. 330 mm. Gesamt ca. 530mm. Gewicht: nur ca. 370 g. F\u00fcr Astschnitte bis 10cm Durchmesser. Effektiver schneller Schnitt durch langes S\u00e4geblatt. Inkl. stabilem Holster-Etui f\u00fcr Rechts- oder Linksh\u00e4nder mit abnehmbarer G\u00fcrtel-Schlaufe.<\/p>\n","protected":false},"excerpt":{"rendered":"<p>&nbsp; Extrem scharfe Profi-S\u00e4ge f\u00fcr den Baum- und Strauchschnitt in langer Bauweise. Blattl\u00e4nge: ca. 330 mm. Gesamt ca. 530mm. Gewicht: [&hellip;]<\/p>\n","protected":false},"featured_media":0,"comment_status":"open","ping_status":"closed","template":"","meta":[],"brand":[],"product_brand":[],"product_cat":[165],"product_tag":[],"class_list":{"0":"post-1030","1":"product","2":"type-product","3":"status-publish","5":"product_cat-pruner-and-tools","6":"left-slider","8":"first","9":"instock","10":"shipping-taxable","11":"product-type-simple"},"aioseo_notices":[],"_links":{"self":[{"href":"https:\/\/technogreen.ps\/new\/wp-json\/wp\/v2\/product\/1030","targetHints":{"allow":["GET"]}}],"collection":[{"href":"https:\/\/technogreen.ps\/new\/wp-json\/wp\/v2\/product"}],"about":[{"href":"https:\/\/technogreen.ps\/new\/wp-json\/wp\/v2\/types\/product"}],"replies":[{"embeddable":true,"href":"https:\/\/technogreen.ps\/new\/wp-json\/wp\/v2\/comments?post=1030"}],"wp:attachment":[{"href":"https:\/\/technogreen.ps\/new\/wp-json\/wp\/v2\/media?parent=1030"}],"wp:term":[{"taxonomy":"brand","embeddable":true,"href":"https:\/\/technogreen.ps\/new\/wp-json\/wp\/v2\/brand?post=1030"},{"taxonomy":"product_brand","embeddable":true,"href":"https:\/\/technogreen.ps\/new\/wp-json\/wp\/v2\/product_brand?post=1030"},{"taxonomy":"product_cat","embeddable":true,"href":"https:\/\/technogreen.ps\/new\/wp-json\/wp\/v2\/product_cat?post=1030"},{"taxonomy":"product_tag","embeddable":true,"href":"https:\/\/technogreen.ps\/new\/wp-json\/wp\/v2\/product_tag?post=1030"}],"curies":[{"name":"wp","href":"https:\/\/api.w.org\/{rel}","templated":true}]}}