{"id":10386,"date":"2023-03-23T10:04:12","date_gmt":"2023-03-23T10:04:12","guid":{"rendered":"https:\/\/technogreen.ps\/new\/?post_type=product&amp;p=10386"},"modified":"2023-03-23T10:04:12","modified_gmt":"2023-03-23T10:04:12","slug":"sheep-goat-ovine-plastic-grate","status":"publish","type":"product","link":"https:\/\/technogreen.ps\/new\/shop\/sheep-goat-ovine-plastic-grate\/","title":{"rendered":"Sheep Goat Ovine Plastic Grate"},"content":{"rendered":"<div class=\"woocommerce-product-details__short-description\"><\/div>\n<div class=\"product-tabs-wrapper\">\n<div class=\"container\">\n<div class=\"row\">\n<div class=\"col-12 poduct-tabs-inner\">\n<div class=\"woocommerce-tabs wc-tabs-wrapper tabs-layout-tabs\">\n<div class=\"woodmart-tab-wrapper\">\n<div id=\"tab-description\" class=\"woocommerce-Tabs-panel woocommerce-Tabs-panel--description panel entry-content wc-tab\">\n<div class=\"wc-tab-inner \">\n<div class=\"\">\n<p><img decoding=\"async\" src=\"https:\/\/fermanet.com\/wp-content\/uploads\/2017\/11\/00131_Pr%C3%A4rie_400x400.jpg\" alt=\"Plastik \u0131zgara zeminler BUZA\u011eI - Hayvanc\u0131l\u0131k \u00fcr\u00fcnleri marketi\" \/><\/p>\n<p><img decoding=\"async\" src=\"https:\/\/www.koyunaltligi.com\/wp-content\/uploads\/2021\/02\/7.jpg\" alt=\"7\" \/><\/p>\n<p><img decoding=\"async\" src=\"https:\/\/www.koyunaltligi.com\/wp-content\/uploads\/2019\/11\/koyun-altligi-08.jpg\" alt=\"koyun-altligi-08\" \/><\/p>\n<p>&nbsp;<\/p>\n<\/div>\n<\/div>\n<\/div>\n<\/div>\n<div>\n<p><iframe title=\"Koyun Altl\u0131\u011f\u0131 - Erdin\u00e7 Plastik\" width=\"640\" height=\"360\" src=\"https:\/\/www.youtube.com\/embed\/wECpZ9DnYK0?feature=oembed\" frameborder=\"0\" allow=\"accelerometer; autoplay; clipboard-write; encrypted-media; gyroscope; picture-in-picture; web-share\" referrerpolicy=\"strict-origin-when-cross-origin\" allowfullscreen><\/iframe><\/p>\n<p><iframe title=\"Koyun Altl\u0131\u011f\u0131 - Erdin\u00e7 Plastik\" width=\"640\" height=\"360\" src=\"https:\/\/www.youtube.com\/embed\/YVOj3HKLDBo?feature=oembed\" frameborder=\"0\" allow=\"accelerometer; autoplay; clipboard-write; encrypted-media; gyroscope; picture-in-picture; web-share\" referrerpolicy=\"strict-origin-when-cross-origin\" allowfullscreen><\/iframe><\/p>\n<\/div>\n<\/div>\n<div>\n<p><iframe title=\"Koyun Altl\u0131\u011f\u0131 - Erdin\u00e7 Plastik\" width=\"640\" height=\"480\" src=\"https:\/\/www.youtube.com\/embed\/FWtkJYzrRkg?start=1&#038;feature=oembed\" frameborder=\"0\" allow=\"accelerometer; autoplay; clipboard-write; encrypted-media; gyroscope; picture-in-picture; web-share\" referrerpolicy=\"strict-origin-when-cross-origin\" allowfullscreen><\/iframe><\/p>\n<p><iframe title=\"Koyun Altl\u0131\u011f\u0131 - Erdin\u00e7 Plastik\" width=\"640\" height=\"360\" src=\"https:\/\/www.youtube.com\/embed\/GW3GtYs5GqY?start=1&#038;feature=oembed\" frameborder=\"0\" allow=\"accelerometer; autoplay; clipboard-write; encrypted-media; gyroscope; picture-in-picture; web-share\" referrerpolicy=\"strict-origin-when-cross-origin\" allowfullscreen><\/iframe><\/p>\n<\/div>\n<\/div>\n<\/div>\n<\/div>\n<\/div>\n<div class=\"container related-and-upsells\">\n<div class=\"related-products\"><\/div>\n<\/div>\n","protected":false},"excerpt":{"rendered":"<p>Length : 82 cm<\/p>\n<p>Width : 62 cm<\/p>\n<p>Height : 5.5 cm<\/p>\n<p>Weight : 3,800 g<\/p>\n<div class=\"woocommerce-product-details__short-description\">\n<p>It has a carrying capacity of 200 kg.<\/p>\n<p>Anti-slip top pattern<\/p>\n<p>Green and Blue color options<\/p>\n<\/div>\n<div class=\"product-tabs-wrapper\">\n<div class=\"container\">\n<div class=\"row\">\n<div class=\"col-12 poduct-tabs-inner\">\n<div class=\"woocommerce-tabs wc-tabs-wrapper tabs-layout-tabs\">\n<div class=\"woodmart-tab-wrapper\">\n<div id=\"tab-description\" class=\"woocommerce-Tabs-panel woocommerce-Tabs-panel--description panel entry-content wc-tab\">\n<div class=\"wc-tab-inner \">\n<div class=\"\">\n<p><img decoding=\"async\" src=\"https:\/\/www.koyunaltligi.com\/wp-content\/uploads\/2021\/02\/7.jpg\" alt=\"7\" \/><\/p>\n<\/div>\n<\/div>\n<\/div>\n<\/div>\n<\/div>\n<\/div>\n<\/div>\n<\/div>\n<\/div>\n<p>&nbsp;<\/p>\n","protected":false},"featured_media":10387,"comment_status":"open","ping_status":"closed","template":"","meta":[],"brand":[],"product_brand":[],"product_cat":[194],"product_tag":[],"class_list":{"0":"post-10386","1":"product","2":"type-product","3":"status-publish","4":"has-post-thumbnail","6":"product_cat-animal-feeding-products--","7":"left-slider","9":"first","10":"instock","11":"shipping-taxable","12":"product-type-simple"},"aioseo_notices":[],"_links":{"self":[{"href":"https:\/\/technogreen.ps\/new\/wp-json\/wp\/v2\/product\/10386","targetHints":{"allow":["GET"]}}],"collection":[{"href":"https:\/\/technogreen.ps\/new\/wp-json\/wp\/v2\/product"}],"about":[{"href":"https:\/\/technogreen.ps\/new\/wp-json\/wp\/v2\/types\/product"}],"replies":[{"embeddable":true,"href":"https:\/\/technogreen.ps\/new\/wp-json\/wp\/v2\/comments?post=10386"}],"wp:featuredmedia":[{"embeddable":true,"href":"https:\/\/technogreen.ps\/new\/wp-json\/"}],"wp:attachment":[{"href":"https:\/\/technogreen.ps\/new\/wp-json\/wp\/v2\/media?parent=10386"}],"wp:term":[{"taxonomy":"brand","embeddable":true,"href":"https:\/\/technogreen.ps\/new\/wp-json\/wp\/v2\/brand?post=10386"},{"taxonomy":"product_brand","embeddable":true,"href":"https:\/\/technogreen.ps\/new\/wp-json\/wp\/v2\/product_brand?post=10386"},{"taxonomy":"product_cat","embeddable":true,"href":"https:\/\/technogreen.ps\/new\/wp-json\/wp\/v2\/product_cat?post=10386"},{"taxonomy":"product_tag","embeddable":true,"href":"https:\/\/technogreen.ps\/new\/wp-json\/wp\/v2\/product_tag?post=10386"}],"curies":[{"name":"wp","href":"https:\/\/api.w.org\/{rel}","templated":true}]}}