{"id":10609,"date":"2023-03-17T08:55:44","date_gmt":"2023-03-17T08:55:44","guid":{"rendered":"https:\/\/technogreen.ps\/new\/?post_type=product&#038;p=17"},"modified":"2025-02-26T09:29:58","modified_gmt":"2025-02-26T09:29:58","slug":"stihl-hs-45-hedge-trimmers","status":"publish","type":"product","link":"https:\/\/technogreen.ps\/new\/shop\/stihl-hs-45-hedge-trimmers\/","title":{"rendered":"STIHL HS 45 hedge trimmers"},"content":{"rendered":"<p><img fetchpriority=\"high\" decoding=\"async\" class=\"\" src=\"http:\/\/www.davidabanks.com\/images\/stories\/Logos\/stihl.jpg\" alt=\"\" width=\"336\" height=\"168\" \/><\/p>\n<table class=\"technical_data\">\n<tbody>\n<tr>\n<td class=\"col1\">DISPLACEMENT<\/td>\n<td class=\"col2\">27.2 cc (1.66 cu. in.)<\/td>\n<\/tr>\n<tr class=\"odd\">\n<td class=\"col1\">ENGINE POWER<\/td>\n<td class=\"col2\">0.75 kW (1.01 bhp)<\/td>\n<\/tr>\n<tr>\n<td class=\"col1\">WEIGHT<\/td>\n<td class=\"col2\">4.7 kg (10.4 lbs.)<\/td>\n<\/tr>\n<tr class=\"odd\">\n<td class=\"col1\">BLADE LENGTH<\/td>\n<td class=\"col2\">18&#8243;<\/td>\n<\/tr>\n<tr>\n<td class=\"col1\">FUEL CAPACITY<\/td>\n<td class=\"col2\">230 cc (7.8 oz.)<\/td>\n<\/tr>\n<tr class=\"odd\">\n<td class=\"col1\">STROKES PER MINUTE<\/td>\n<td class=\"col2\">3700<\/td>\n<\/tr>\n<tr>\n<td class=\"col1\">POWER SOURCE<\/td>\n<td class=\"col2\">Gas<\/td>\n<\/tr>\n<\/tbody>\n<\/table>\n<p><img decoding=\"async\" src=\"http:\/\/static.stihl.com\/upload\/assetmanager\/modell_imagefilename\/scaled\/zoom\/d038ab0517154e618a754c690a75c425.jpg\" \/><\/p>\n<p><iframe title=\"Stihl hs 45 Start Up\" width=\"640\" height=\"480\" src=\"https:\/\/www.youtube.com\/embed\/UGlrgcfFQyM?feature=oembed\" frameborder=\"0\" allow=\"accelerometer; autoplay; clipboard-write; encrypted-media; gyroscope; picture-in-picture; web-share\" referrerpolicy=\"strict-origin-when-cross-origin\" allowfullscreen><\/iframe><\/p>\n","protected":false},"excerpt":{"rendered":"<div id=\"FlexibleProductDetailsID\">\n<div id=\"1product_s_desc\" class=\"FlexibleProductTABDetails\">\n<div class=\"product-short-description\">El Cortaseto HS 45 es el equipo id\u00f3neo para la mantenci\u00f3n de jardines, arbustos, macizos florales y ligustrinas para profesionales en la mantenci\u00f3n de \u00e1reas verdes. Garantice un corte perfecto y r\u00e1pido que le permita optimizar tu tiempo con los mejores resultados, obteniendo jardines hermosos y cuidados.<\/div>\n<\/div>\n<\/div>\n<div class=\"FlexibleProductDetailShareWindow\"><\/div>\n","protected":false},"featured_media":0,"comment_status":"open","ping_status":"closed","template":"","meta":[],"brand":[],"product_brand":[],"product_cat":[97],"product_tag":[],"class_list":{"0":"post-10609","1":"product","2":"type-product","3":"status-publish","5":"product_cat-gasoline-hedge-trimmers","6":"left-slider","8":"first","9":"instock","10":"shipping-taxable","11":"product-type-simple"},"aioseo_notices":[],"_links":{"self":[{"href":"https:\/\/technogreen.ps\/new\/wp-json\/wp\/v2\/product\/10609","targetHints":{"allow":["GET"]}}],"collection":[{"href":"https:\/\/technogreen.ps\/new\/wp-json\/wp\/v2\/product"}],"about":[{"href":"https:\/\/technogreen.ps\/new\/wp-json\/wp\/v2\/types\/product"}],"replies":[{"embeddable":true,"href":"https:\/\/technogreen.ps\/new\/wp-json\/wp\/v2\/comments?post=10609"}],"wp:attachment":[{"href":"https:\/\/technogreen.ps\/new\/wp-json\/wp\/v2\/media?parent=10609"}],"wp:term":[{"taxonomy":"brand","embeddable":true,"href":"https:\/\/technogreen.ps\/new\/wp-json\/wp\/v2\/brand?post=10609"},{"taxonomy":"product_brand","embeddable":true,"href":"https:\/\/technogreen.ps\/new\/wp-json\/wp\/v2\/product_brand?post=10609"},{"taxonomy":"product_cat","embeddable":true,"href":"https:\/\/technogreen.ps\/new\/wp-json\/wp\/v2\/product_cat?post=10609"},{"taxonomy":"product_tag","embeddable":true,"href":"https:\/\/technogreen.ps\/new\/wp-json\/wp\/v2\/product_tag?post=10609"}],"curies":[{"name":"wp","href":"https:\/\/api.w.org\/{rel}","templated":true}]}}