{"id":10724,"date":"2023-03-17T08:56:46","date_gmt":"2023-03-17T08:56:46","guid":{"rendered":"https:\/\/technogreen.ps\/new\/?post_type=product&amp;p=521"},"modified":"2023-03-17T08:56:46","modified_gmt":"2023-03-17T08:56:46","slug":"smoker-chrom-withnet","status":"publish","type":"product","link":"https:\/\/technogreen.ps\/new\/shop\/smoker-chrom-withnet\/","title":{"rendered":"SMOKER CHROM WITHNET"},"content":{"rendered":"<section class=\"container\">\n<div class=\"tabs-left\">\n<div class=\"tab-content-outer\">\n<div class=\"tab-content\">\n<div id=\"tab-1\" class=\"tab-pane fade active in\">\n<p>0,30 mm galvaniz sactan mamul g\u00f6vde<br \/>\nAh\u015fap k\u00f6r\u00fck arkas\u0131 vinleks kapl\u0131, 100 mm x 165 mm boyutlar\u0131nda<br \/>\n\u00f8=100 mm, h=210 mm<\/p>\n<div><\/div>\n<\/div>\n<\/div>\n<\/div>\n<\/div>\n<\/section>\n<section class=\"content content-border nopad-xs social-widget\">\n<div class=\"container\"><\/div>\n<\/section>\n","protected":false},"excerpt":{"rendered":"<p>0,30 mm galvaniz sactan mamul g\u00f6vde Ah\u015fap k\u00f6r\u00fck arkas\u0131 vinleks kapl\u0131, 100 mm x 165 mm boyutlar\u0131nda \u00f8=100 mm, h=210 [&hellip;]<\/p>\n","protected":false},"featured_media":551,"comment_status":"open","ping_status":"closed","template":"","meta":[],"brand":[],"product_brand":[],"product_cat":[148],"product_tag":[],"class_list":{"0":"post-10724","1":"product","2":"type-product","3":"status-publish","4":"has-post-thumbnail","6":"product_cat-smokers","7":"left-slider","9":"first","10":"instock","11":"shipping-taxable","12":"product-type-simple"},"aioseo_notices":[],"_links":{"self":[{"href":"https:\/\/technogreen.ps\/new\/wp-json\/wp\/v2\/product\/10724","targetHints":{"allow":["GET"]}}],"collection":[{"href":"https:\/\/technogreen.ps\/new\/wp-json\/wp\/v2\/product"}],"about":[{"href":"https:\/\/technogreen.ps\/new\/wp-json\/wp\/v2\/types\/product"}],"replies":[{"embeddable":true,"href":"https:\/\/technogreen.ps\/new\/wp-json\/wp\/v2\/comments?post=10724"}],"wp:featuredmedia":[{"embeddable":true,"href":"https:\/\/technogreen.ps\/new\/wp-json\/wp\/v2\/pages\/551"}],"wp:attachment":[{"href":"https:\/\/technogreen.ps\/new\/wp-json\/wp\/v2\/media?parent=10724"}],"wp:term":[{"taxonomy":"brand","embeddable":true,"href":"https:\/\/technogreen.ps\/new\/wp-json\/wp\/v2\/brand?post=10724"},{"taxonomy":"product_brand","embeddable":true,"href":"https:\/\/technogreen.ps\/new\/wp-json\/wp\/v2\/product_brand?post=10724"},{"taxonomy":"product_cat","embeddable":true,"href":"https:\/\/technogreen.ps\/new\/wp-json\/wp\/v2\/product_cat?post=10724"},{"taxonomy":"product_tag","embeddable":true,"href":"https:\/\/technogreen.ps\/new\/wp-json\/wp\/v2\/product_tag?post=10724"}],"curies":[{"name":"wp","href":"https:\/\/api.w.org\/{rel}","templated":true}]}}