{"id":1347,"date":"2023-03-17T08:58:13","date_gmt":"2023-03-17T08:58:13","guid":{"rendered":"https:\/\/technogreen.ps\/new\/?post_type=product&amp;p=1347"},"modified":"2023-03-17T08:58:13","modified_gmt":"2023-03-17T08:58:13","slug":"shredder-electric-model-sm600e","status":"publish","type":"product","link":"https:\/\/technogreen.ps\/new\/shop\/shredder-electric-model-sm600e\/","title":{"rendered":"SHREDDER ELECTRIC MODEL-SM600E"},"content":{"rendered":"<p><img decoding=\"async\" src=\"http:\/\/www.soydanlarmakina.com.tr\/files\/6f245931-5f09-47a1-9ff7-9d02b91a85ce.png\" alt=\"SM600E\" \/><\/p>\n<p><img decoding=\"async\" src=\"http:\/\/www.soydanlarmakina.com.tr\/files\/bf6a061d-ff86-424a-b8c4-9345c27ddea4.png\" alt=\"SM600E Technical Drawings\" \/><\/p>\n<table border=\"0\" cellspacing=\"2\" cellpadding=\"2\">\n<tbody>\n<tr>\n<td colspan=\"2\"><strong>MACHINE FEATURES<\/strong><\/td>\n<\/tr>\n<tr>\n<td><strong>Model<\/strong><\/td>\n<td><strong>SM600E<\/strong><\/td>\n<\/tr>\n<tr>\n<td><strong>Capacity<\/strong><\/td>\n<td><strong>\u00d8 100 mm<\/strong><\/td>\n<\/tr>\n<tr>\n<td><strong>Bunker Entrance<\/strong><\/td>\n<td><strong>650&#215;900 mm<\/strong><\/td>\n<\/tr>\n<tr>\n<td><strong>Bunker throat entry<\/strong><\/td>\n<td><strong>190&#215;210 mm<\/strong><\/td>\n<\/tr>\n<tr>\n<td><strong>Disc diameter<\/strong><\/td>\n<td><strong>\u00d8 600 mm<\/strong><\/td>\n<\/tr>\n<tr>\n<td><strong>Fixed knife<\/strong><\/td>\n<td><strong>2 units<\/strong><\/td>\n<\/tr>\n<tr>\n<td><strong>Movable knife<\/strong><\/td>\n<td><strong>3 pieces<\/strong><\/td>\n<\/tr>\n<tr>\n<td><strong>Chimney rotation angle<\/strong><\/td>\n<td><strong>360 \u00b0<\/strong><\/td>\n<\/tr>\n<tr>\n<td><strong>Drive system<\/strong><\/td>\n<td><strong>Reductored, intermittent system<\/strong><\/td>\n<\/tr>\n<tr>\n<td><strong>Main engine<\/strong><\/td>\n<td><strong>1400 rpm 15 hp<\/strong><\/td>\n<\/tr>\n<tr>\n<td><strong>Operating voltage<\/strong><\/td>\n<td><strong>380 Volt<\/strong><\/td>\n<\/tr>\n<tr>\n<td><strong>Width, height, height<\/strong><\/td>\n<td><strong>1450x2800x1950<\/strong><\/td>\n<\/tr>\n<tr>\n<td><strong>Weight<\/strong><\/td>\n<td><strong>500 kg<\/strong><\/td>\n<\/tr>\n<\/tbody>\n<\/table>\n<p><iframe title=\"dal par\u00e7alama ve \u00f6\u011f\u00fctme makinas\u0131\" width=\"640\" height=\"360\" src=\"https:\/\/www.youtube.com\/embed\/2qMR4X0NQA0?feature=oembed\" frameborder=\"0\" allow=\"accelerometer; autoplay; clipboard-write; encrypted-media; gyroscope; picture-in-picture; web-share\" referrerpolicy=\"strict-origin-when-cross-origin\" allowfullscreen><\/iframe><\/p>\n","protected":false},"excerpt":{"rendered":"<p>MACHINE FEATURES Model SM600E Capacity \u00d8 100 mm Bunker Entrance 650&#215;900 mm Bunker throat entry 190&#215;210 mm Disc diameter \u00d8 [&hellip;]<\/p>\n","protected":false},"featured_media":0,"comment_status":"open","ping_status":"closed","template":"","meta":[],"brand":[],"product_brand":[],"product_cat":[108],"product_tag":[],"class_list":{"0":"post-1347","1":"product","2":"type-product","3":"status-publish","5":"product_cat-chipper-shredder","6":"left-slider","8":"first","9":"instock","10":"shipping-taxable","11":"product-type-simple"},"aioseo_notices":[],"_links":{"self":[{"href":"https:\/\/technogreen.ps\/new\/wp-json\/wp\/v2\/product\/1347","targetHints":{"allow":["GET"]}}],"collection":[{"href":"https:\/\/technogreen.ps\/new\/wp-json\/wp\/v2\/product"}],"about":[{"href":"https:\/\/technogreen.ps\/new\/wp-json\/wp\/v2\/types\/product"}],"replies":[{"embeddable":true,"href":"https:\/\/technogreen.ps\/new\/wp-json\/wp\/v2\/comments?post=1347"}],"wp:attachment":[{"href":"https:\/\/technogreen.ps\/new\/wp-json\/wp\/v2\/media?parent=1347"}],"wp:term":[{"taxonomy":"brand","embeddable":true,"href":"https:\/\/technogreen.ps\/new\/wp-json\/wp\/v2\/brand?post=1347"},{"taxonomy":"product_brand","embeddable":true,"href":"https:\/\/technogreen.ps\/new\/wp-json\/wp\/v2\/product_brand?post=1347"},{"taxonomy":"product_cat","embeddable":true,"href":"https:\/\/technogreen.ps\/new\/wp-json\/wp\/v2\/product_cat?post=1347"},{"taxonomy":"product_tag","embeddable":true,"href":"https:\/\/technogreen.ps\/new\/wp-json\/wp\/v2\/product_tag?post=1347"}],"curies":[{"name":"wp","href":"https:\/\/api.w.org\/{rel}","templated":true}]}}