{"id":1586,"date":"2023-03-17T08:58:51","date_gmt":"2023-03-17T08:58:51","guid":{"rendered":"https:\/\/technogreen.ps\/new\/?post_type=product&amp;p=1586"},"modified":"2023-03-17T08:58:51","modified_gmt":"2023-03-17T08:58:51","slug":"bioline-cat-dog-remover-gel-225-gr-%d8%ac%d9%84-%d9%84%d8%b7%d8%b1%d8%af-%d8%a7%d9%84%d9%83%d9%84%d8%a7%d8%a8-%d9%88%d8%a7%d9%84%d9%82%d8%b7%d8%b7-%d8%b9%d9%86-%d9%85%d9%86%d8%a7%d8%b7%d9%82-%d9%85","status":"publish","type":"product","link":"https:\/\/technogreen.ps\/new\/shop\/bioline-cat-dog-remover-gel-225-gr-%d8%ac%d9%84-%d9%84%d8%b7%d8%b1%d8%af-%d8%a7%d9%84%d9%83%d9%84%d8%a7%d8%a8-%d9%88%d8%a7%d9%84%d9%82%d8%b7%d8%b7-%d8%b9%d9%86-%d9%85%d9%86%d8%a7%d8%b7%d9%82-%d9%85\/","title":{"rendered":"Bioline Cat &#038; Dog Remover Gel 225 Gr \u062c\u0644 \u0644\u0637\u0631\u062f \u0627\u0644\u0643\u0644\u0627\u0628 \u0648\u0627\u0644\u0642\u0637\u0637 \u0639\u0646 \u0645\u0646\u0627\u0637\u0642 \u0645\u0639\u064a\u0646\u0629"},"content":{"rendered":"<p><img decoding=\"async\" src=\"https:\/\/st3.myideasoft.com\/idea\/cg\/98\/myassets\/products\/676\/bioline-kedi-ve-kopek-uzaklastirici-jel-225-gr-40812-23-o.jpg?revision=1499689870\" alt=\"Bioline Kedi Ve K\u00f6pek Uzakla\u015ft\u0131r\u0131c\u0131 Jel 225 Gr\" \/><\/p>\n<div class=\"productTabContainer\">\n<div class=\"productTabContent\">\n<div id=\"contents_1\">\n<div class=\"ProductDetail\">\n<h2>Bioline Cat &amp; Dog Remover Gel 225 Gr<\/h2>\n<div>\n<p>Removing gel to prevent urination of cats and dogs and odors in outdoor areas such as concrete, soil, trees, lawns, flowerpot and garden.<\/p>\n<p>* Thanks to the uncomfortable smell felt by cats and dogs, they allow them to get away from the area they are practicing.<br \/>\n* It does not lose its effect with rain, it is effective for a long time.<\/p>\n<p>Product Contains<br \/>\nEthanol, PEG-7Glyceryl Cocoate, Methyl nonyl ketone, Citronella oil, PEG-40 Hydrogenated castor oil, PEG-10 Nonoxynol, Propylene Glycol<br \/>\n, Deionized water, Methylchloroisothiazolinone, Acid blue 11<\/p>\n<p>Product Use Shape<br \/>\n* Clean the application area and apply gel.<br \/>\n* 2- It is recommended to repeat the application in 3 days.<\/p>\n<p>Warnings<br \/>\n* Use gloves during application.<br \/>\n* Avoid skin contact, wash with plenty of water on contact.<br \/>\n* Keep away from children.<br \/>\n* In a safe place, keep the cover tightly closed, in your own room.<br \/>\n* When the box is completely empty, remove it safely.<br \/>\n* Protect from high temperatures and do not freeze.<\/p>\n<\/div>\n<\/div>\n<\/div>\n<\/div>\n<\/div>\n","protected":false},"excerpt":{"rendered":"<p>Bioline Cat &amp; Dog Remover Gel 225 Gr Removing gel to prevent urination of cats and dogs and odors in [&hellip;]<\/p>\n","protected":false},"featured_media":1616,"comment_status":"open","ping_status":"closed","template":"","meta":[],"brand":[],"product_brand":[],"product_cat":[185,136],"product_tag":[],"class_list":{"0":"post-1586","1":"product","2":"type-product","3":"status-publish","4":"has-post-thumbnail","6":"product_cat-bioline-produsts","7":"product_cat-daily-care","8":"left-slider","10":"first","11":"instock","12":"shipping-taxable","13":"product-type-simple"},"aioseo_notices":[],"_links":{"self":[{"href":"https:\/\/technogreen.ps\/new\/wp-json\/wp\/v2\/product\/1586","targetHints":{"allow":["GET"]}}],"collection":[{"href":"https:\/\/technogreen.ps\/new\/wp-json\/wp\/v2\/product"}],"about":[{"href":"https:\/\/technogreen.ps\/new\/wp-json\/wp\/v2\/types\/product"}],"replies":[{"embeddable":true,"href":"https:\/\/technogreen.ps\/new\/wp-json\/wp\/v2\/comments?post=1586"}],"wp:featuredmedia":[{"embeddable":true,"href":"https:\/\/technogreen.ps\/new\/wp-json\/"}],"wp:attachment":[{"href":"https:\/\/technogreen.ps\/new\/wp-json\/wp\/v2\/media?parent=1586"}],"wp:term":[{"taxonomy":"brand","embeddable":true,"href":"https:\/\/technogreen.ps\/new\/wp-json\/wp\/v2\/brand?post=1586"},{"taxonomy":"product_brand","embeddable":true,"href":"https:\/\/technogreen.ps\/new\/wp-json\/wp\/v2\/product_brand?post=1586"},{"taxonomy":"product_cat","embeddable":true,"href":"https:\/\/technogreen.ps\/new\/wp-json\/wp\/v2\/product_cat?post=1586"},{"taxonomy":"product_tag","embeddable":true,"href":"https:\/\/technogreen.ps\/new\/wp-json\/wp\/v2\/product_tag?post=1586"}],"curies":[{"name":"wp","href":"https:\/\/api.w.org\/{rel}","templated":true}]}}