{"id":1684,"date":"2023-03-17T08:59:14","date_gmt":"2023-03-17T08:59:14","guid":{"rendered":"https:\/\/technogreen.ps\/new\/?post_type=product&amp;p=1684"},"modified":"2023-03-17T08:59:14","modified_gmt":"2023-03-17T08:59:14","slug":"bioline-aloe-verde-dog-shampoo-1000ml-%d8%b4%d8%a7%d9%85%d8%a8%d9%88-%d8%a7%d9%84%d8%a3%d9%84%d9%88%d9%81%d9%8a%d8%b1%d8%a7","status":"publish","type":"product","link":"https:\/\/technogreen.ps\/new\/shop\/bioline-aloe-verde-dog-shampoo-1000ml-%d8%b4%d8%a7%d9%85%d8%a8%d9%88-%d8%a7%d9%84%d8%a3%d9%84%d9%88%d9%81%d9%8a%d8%b1%d8%a7\/","title":{"rendered":"BIOLINE Aloe Verde Dog Shampoo 1000ml \u0634\u0627\u0645\u0628\u0648 \u0627\u0644\u0623\u0644\u0648\u0641\u064a\u0631\u0627"},"content":{"rendered":"<p><img decoding=\"async\" src=\"https:\/\/st2.myideasoft.com\/idea\/cg\/98\/myassets\/products\/650\/bioline-aloe-verali-kopek-sampuani-1-lt-42413-24-o.jpg?revision=1499675159\" alt=\"Bioline Aloe Veral\u0131 K\u00f6pek Sampuan\u0131 1 Lt\" \/><\/p>\n<div class=\"productTabContainer\">\n<div class=\"productTabContent\">\n<div id=\"contents_1\">\n<div class=\"ProductDetail\">\n<h2>Bioline Aloe Vera Dog Shampoo 1 Liter<\/h2>\n<div><\/div>\n<div>With its Aloevera extracts, it nourishes the skin of your dog and helps keep it healthy.\u00a0AloeVera helps restore your dog because it has natural restorative effect.<\/div>\n<div><\/div>\n<div><strong>Product Content;\u00a0<\/strong><br \/>\nSodium Laureth Sulfate, Cocamidopropyl Betaine, Cocamide DEA,<br \/>\nGlycerin, Glycol Distearate, Methylchloroisothiazolinone, Neem Tree Oil, PEG-7 Glyceryl Cocoate,<\/div>\n<div><\/div>\n<div><\/div>\n<div>General Washing Advice:<\/div>\n<div>The feathers must be thoroughly wetted with warm water.\u00a0After the coarse mud particles are removed from the dirt adhering to the feather, the shampoo should be foamed by massaging the feathers.<\/div>\n<div>To help with foaming, plenty of water should be rinsed after helping to penetrate the entire shampoo with the help of cat and dog wash brushes.<\/div>\n<div><\/div>\n<div>Fully shampooed hair is likely to remain moist when installed with the help of a towel.\u00a0The cat must be continued until the dog is completely dry with the hair dryer by brushing the dog with a dog brush.<\/div>\n<\/div>\n<\/div>\n<\/div>\n<\/div>\n","protected":false},"excerpt":{"rendered":"<p>Bioline Aloe Vera Dog Shampoo 1 Liter With its Aloevera extracts, it nourishes the skin of your dog and helps [&hellip;]<\/p>\n","protected":false},"featured_media":1714,"comment_status":"open","ping_status":"closed","template":"","meta":[],"brand":[],"product_brand":[],"product_cat":[185,132],"product_tag":[],"class_list":{"0":"post-1684","1":"product","2":"type-product","3":"status-publish","4":"has-post-thumbnail","6":"product_cat-bioline-produsts","7":"product_cat-shampoos","8":"left-slider","10":"first","11":"instock","12":"shipping-taxable","13":"product-type-simple"},"aioseo_notices":[],"_links":{"self":[{"href":"https:\/\/technogreen.ps\/new\/wp-json\/wp\/v2\/product\/1684","targetHints":{"allow":["GET"]}}],"collection":[{"href":"https:\/\/technogreen.ps\/new\/wp-json\/wp\/v2\/product"}],"about":[{"href":"https:\/\/technogreen.ps\/new\/wp-json\/wp\/v2\/types\/product"}],"replies":[{"embeddable":true,"href":"https:\/\/technogreen.ps\/new\/wp-json\/wp\/v2\/comments?post=1684"}],"wp:featuredmedia":[{"embeddable":true,"href":"https:\/\/technogreen.ps\/new\/wp-json\/"}],"wp:attachment":[{"href":"https:\/\/technogreen.ps\/new\/wp-json\/wp\/v2\/media?parent=1684"}],"wp:term":[{"taxonomy":"brand","embeddable":true,"href":"https:\/\/technogreen.ps\/new\/wp-json\/wp\/v2\/brand?post=1684"},{"taxonomy":"product_brand","embeddable":true,"href":"https:\/\/technogreen.ps\/new\/wp-json\/wp\/v2\/product_brand?post=1684"},{"taxonomy":"product_cat","embeddable":true,"href":"https:\/\/technogreen.ps\/new\/wp-json\/wp\/v2\/product_cat?post=1684"},{"taxonomy":"product_tag","embeddable":true,"href":"https:\/\/technogreen.ps\/new\/wp-json\/wp\/v2\/product_tag?post=1684"}],"curies":[{"name":"wp","href":"https:\/\/api.w.org\/{rel}","templated":true}]}}