{"id":1836,"date":"2023-03-17T08:59:33","date_gmt":"2023-03-17T08:59:33","guid":{"rendered":"https:\/\/technogreen.ps\/new\/?post_type=product&#038;p=1836"},"modified":"2025-02-20T13:13:05","modified_gmt":"2025-02-20T13:13:05","slug":"olive-drawing-and-crushing-machine","status":"publish","type":"product","link":"https:\/\/technogreen.ps\/new\/shop\/olive-drawing-and-crushing-machine\/","title":{"rendered":"Olive Drawing and Crushing Machine"},"content":{"rendered":"<h4><span>Small Type Olive Drawing and Crushing Machine<\/span><\/h4>\n<p><span>It works with 220 V 50 Hz motor. <\/span><br \/>\n<span>Its capacity is 250 kg per hour. <\/span><br \/>\n<span>Consists of 20 steel knives. <\/span><br \/>\n<span>Blade spacing is 8 mm. <\/span><br \/>\n<span>Consists of 2 hard plastic drums. <\/span><br \/>\n<span>It has the feature of working with arm in places where there is no electrical electricity. <\/span><br \/>\n<span>4 wheels and easy to carry. <\/span><br \/>\n<span>The machine is 65 kg.<\/span><\/p>\n<p><img decoding=\"async\" src=\"http:\/\/www.ozsarginlar.com\/wp-content\/uploads\/2016\/11\/DSC_0612-180x180.png\" alt=\"dsc_0612\" \/><img decoding=\"async\" src=\"http:\/\/www.ozsarginlar.com\/wp-content\/uploads\/2016\/11\/DSC_0608-180x180.png\" alt=\"dsc_0608\" \/><img decoding=\"async\" src=\"http:\/\/www.ozsarginlar.com\/wp-content\/uploads\/2016\/11\/DSC_0607-180x180.png\" alt=\"dsc_0607\" \/><\/p>\n<p><iframe title=\"Ufak Zeytin \u00c7izme Ve K\u0131rma Makinas\u0131\" width=\"640\" height=\"360\" src=\"https:\/\/www.youtube.com\/embed\/9MrHg0gsrXM?feature=oembed\" frameborder=\"0\" allow=\"accelerometer; autoplay; clipboard-write; encrypted-media; gyroscope; picture-in-picture; web-share\" referrerpolicy=\"strict-origin-when-cross-origin\" allowfullscreen><\/iframe><\/p>\n","protected":false},"excerpt":{"rendered":"<p>Small Type Olive Drawing and Crushing Machine It works with 220 V 50 Hz motor. Its capacity is 250 kg [&hellip;]<\/p>\n","protected":false},"featured_media":0,"comment_status":"open","ping_status":"closed","template":"","meta":[],"brand":[],"product_brand":[],"product_cat":[187],"product_tag":[],"class_list":{"0":"post-1836","1":"product","2":"type-product","3":"status-publish","5":"product_cat-olive-drawing-and-crushing-machine","6":"left-slider","8":"first","9":"instock","10":"shipping-taxable","11":"product-type-simple"},"aioseo_notices":[],"_links":{"self":[{"href":"https:\/\/technogreen.ps\/new\/wp-json\/wp\/v2\/product\/1836","targetHints":{"allow":["GET"]}}],"collection":[{"href":"https:\/\/technogreen.ps\/new\/wp-json\/wp\/v2\/product"}],"about":[{"href":"https:\/\/technogreen.ps\/new\/wp-json\/wp\/v2\/types\/product"}],"replies":[{"embeddable":true,"href":"https:\/\/technogreen.ps\/new\/wp-json\/wp\/v2\/comments?post=1836"}],"wp:attachment":[{"href":"https:\/\/technogreen.ps\/new\/wp-json\/wp\/v2\/media?parent=1836"}],"wp:term":[{"taxonomy":"brand","embeddable":true,"href":"https:\/\/technogreen.ps\/new\/wp-json\/wp\/v2\/brand?post=1836"},{"taxonomy":"product_brand","embeddable":true,"href":"https:\/\/technogreen.ps\/new\/wp-json\/wp\/v2\/product_brand?post=1836"},{"taxonomy":"product_cat","embeddable":true,"href":"https:\/\/technogreen.ps\/new\/wp-json\/wp\/v2\/product_cat?post=1836"},{"taxonomy":"product_tag","embeddable":true,"href":"https:\/\/technogreen.ps\/new\/wp-json\/wp\/v2\/product_tag?post=1836"}],"curies":[{"name":"wp","href":"https:\/\/api.w.org\/{rel}","templated":true}]}}