{"id":1993,"date":"2023-03-17T09:00:07","date_gmt":"2023-03-17T09:00:07","guid":{"rendered":"https:\/\/technogreen.ps\/new\/?post_type=product&amp;p=1993"},"modified":"2023-03-17T09:00:07","modified_gmt":"2023-03-17T09:00:07","slug":"seep-clipper-f6-sc","status":"publish","type":"product","link":"https:\/\/technogreen.ps\/new\/shop\/seep-clipper-f6-sc\/","title":{"rendered":"Seep Clipper F6- SC"},"content":{"rendered":"<p>Sheep clipper model no.:F6-SC<br \/>\nDC12V Sheep clipper<br \/>\nWork directly from car battery or other Suitable battery<br \/>\nPower:180W<br \/>\nBlade cutting speed:2800RPM<br \/>\nMatched with 76mm heavy-duty blade<br \/>\nBlade protector available<br \/>\nBlade pressure adjustable with rotatable button<br \/>\nLow noise and vibration<br \/>\nWith ventilation system to prevent over-heating<br \/>\nDurable for long time working<\/p>\n<p>&nbsp;<\/p>\n<p><img decoding=\"async\" src=\"https:\/\/www.driml-napajecky.cz\/data\/shopimg\/2014777-20180331-2017216132636684.jpg\" alt=\"Sheep Clipper F6, SC 008 12V, na autobaterii \u2014 Elektrick\u00e9 strojky, st\u0159i\u017en\u00e9 no\u017ee \u2014 Chovatelsk\u00e9 pot\u0159eby Driml\" \/><\/p>\n<p>&nbsp;<\/p>\n<p><img decoding=\"async\" src=\"https:\/\/www.driml-napajecky.cz\/data\/shopimg\/2014777-20180513-dscn2586.jpg\" alt=\"Sheep Clipper F6, SC 008 12V, na autobaterii \u2014 Elektrick\u00e9 strojky, st\u0159i\u017en\u00e9 no\u017ee \u2014 Chovatelsk\u00e9 pot\u0159eby Driml\" \/><\/p>\n<p>&nbsp;<\/p>\n<p><img decoding=\"async\" src=\"https:\/\/www.driml-napajecky.cz\/data\/shopimg\/2014777-20180513-dscn2581.jpg\" alt=\"Sheep Clipper F6, SC 008 12V, na autobaterii \u2014 Elektrick\u00e9 strojky, st\u0159i\u017en\u00e9 no\u017ee \u2014 Chovatelsk\u00e9 pot\u0159eby Driml\" \/><\/p>\n<p>&nbsp;<\/p>\n<p><img decoding=\"async\" src=\"https:\/\/www.driml-napajecky.cz\/data\/shopimg\/2014777-20180513-dscn2587.jpg\" alt=\"Sheep Clipper F6, SC 008 12V, na autobaterii \u2014 Elektrick\u00e9 strojky, st\u0159i\u017en\u00e9 no\u017ee \u2014 Chovatelsk\u00e9 pot\u0159eby Driml\" \/><\/p>\n<p>&nbsp;<\/p>\n<p><img decoding=\"async\" src=\"https:\/\/www.driml-napajecky.cz\/data\/shopimg\/2014777-20180513-dscn2584.jpg\" alt=\"Sheep Clipper F6, SC 008 12V, na autobaterii \u2014 Elektrick\u00e9 strojky, st\u0159i\u017en\u00e9 no\u017ee \u2014 Chovatelsk\u00e9 pot\u0159eby Driml\" \/><\/p>\n<p>&nbsp;<\/p>\n<p><img decoding=\"async\" src=\"https:\/\/www.driml-napajecky.cz\/data\/shopimg\/2014777-20180513-dscn2583.jpg\" alt=\"Sheep Clipper F6, SC 008 12V, na autobaterii \u2014 Elektrick\u00e9 strojky, st\u0159i\u017en\u00e9 no\u017ee \u2014 Chovatelsk\u00e9 pot\u0159eby Driml\" \/><\/p>\n<p>&nbsp;<\/p>\n<p><img decoding=\"async\" src=\"https:\/\/www.driml-napajecky.cz\/data\/shopimg\/2014777-20180513-dscn2585.jpg\" alt=\"Sheep Clipper F6, SC 008 12V, na autobaterii \u2014 Elektrick\u00e9 strojky, st\u0159i\u017en\u00e9 no\u017ee \u2014 Chovatelsk\u00e9 pot\u0159eby Driml\" \/><\/p>\n","protected":false},"excerpt":{"rendered":"<p>Sheep clipper model no.:F6-SC DC12V Sheep clipper Work directly from car battery or other Suitable battery Power:180W Blade cutting speed:2800RPM [&hellip;]<\/p>\n","protected":false},"featured_media":2022,"comment_status":"open","ping_status":"closed","template":"","meta":[],"brand":[],"product_brand":[],"product_cat":[139],"product_tag":[],"class_list":{"0":"post-1993","1":"product","2":"type-product","3":"status-publish","4":"has-post-thumbnail","6":"product_cat-animal-clippers","7":"left-slider","9":"first","10":"instock","11":"shipping-taxable","12":"product-type-simple"},"aioseo_notices":[],"_links":{"self":[{"href":"https:\/\/technogreen.ps\/new\/wp-json\/wp\/v2\/product\/1993","targetHints":{"allow":["GET"]}}],"collection":[{"href":"https:\/\/technogreen.ps\/new\/wp-json\/wp\/v2\/product"}],"about":[{"href":"https:\/\/technogreen.ps\/new\/wp-json\/wp\/v2\/types\/product"}],"replies":[{"embeddable":true,"href":"https:\/\/technogreen.ps\/new\/wp-json\/wp\/v2\/comments?post=1993"}],"wp:featuredmedia":[{"embeddable":true,"href":"https:\/\/technogreen.ps\/new\/wp-json\/"}],"wp:attachment":[{"href":"https:\/\/technogreen.ps\/new\/wp-json\/wp\/v2\/media?parent=1993"}],"wp:term":[{"taxonomy":"brand","embeddable":true,"href":"https:\/\/technogreen.ps\/new\/wp-json\/wp\/v2\/brand?post=1993"},{"taxonomy":"product_brand","embeddable":true,"href":"https:\/\/technogreen.ps\/new\/wp-json\/wp\/v2\/product_brand?post=1993"},{"taxonomy":"product_cat","embeddable":true,"href":"https:\/\/technogreen.ps\/new\/wp-json\/wp\/v2\/product_cat?post=1993"},{"taxonomy":"product_tag","embeddable":true,"href":"https:\/\/technogreen.ps\/new\/wp-json\/wp\/v2\/product_tag?post=1993"}],"curies":[{"name":"wp","href":"https:\/\/api.w.org\/{rel}","templated":true}]}}